{"id":10973,"date":"2021-01-12T12:45:35","date_gmt":"2021-01-12T11:45:35","guid":{"rendered":"https:\/\/aceitesmolisur.es\/tienda\/uncategorized\/curcuma-molida-90gr\/"},"modified":"2022-12-09T10:39:48","modified_gmt":"2022-12-09T09:39:48","slug":"curcuma-molida-90gr","status":"publish","type":"product","link":"https:\/\/aceitesmolisur.es\/en\/shop\/curcuma-molida-90gr\/","title":{"rendered":"Ground turmeric 90gr."},"content":{"rendered":"<div class=\"wpb-content-wrapper\"><p>[vc_row content_placement=&#8221;top&#8221;][vc_column width=&#8221;2\/3&#8243; css=&#8221;.vc_custom_1605703063015{margin-right: 15px !important;}&#8221; mobile_bg_img_hidden=&#8221;no&#8221; tablet_bg_img_hidden=&#8221;no&#8221; woodmart_parallax=&#8221;0&#8243; woodmart_sticky_column=&#8221;false&#8221; parallax_scroll=&#8221;no&#8221; mobile_reset_margin=&#8221;no&#8221; tablet_reset_margin=&#8221;no&#8221;][vc_column_text text_larger=&#8221;no&#8221;]Turmeric is a plant native to India whose cultivation has spread to other hot and humid areas. It is widely used in Indian cuisine as a food colouring for rice, meat and various dishes.<\/p>\n<p>It is made by steaming, being selected, very clean and taking care in the whole process of obtaining it, highlighting its high level of curcumin. This is one of its most powerful components.[\/vc_column_text]\n\t\t<div class=\"woodmart-list color-scheme- woodmart-text-size-default woodmart-list-type-icon woodmart-list-style-default \" id=\"wd-5ffd9a88b2532\">\n\t\t\t<ul>\n\t\t\t\t\t\t\t\t\t\t\t\t\t\t<li>\n\t\t\t\t\t\t\t\t\t\t\t\t\t<div class=\"list-icon fas fa-chevron-right\"><\/div>\n\t\t\t\t\t\t\t\t\t\t\t\t<span class=\"list-content\">MODO DE EMPLEO: Listo para el consumo<\/span>\n\t\t\t\t\t<\/li>\n\t\t\t\t\t\t\t\t\t\t\t\t\t\t<li>\n\t\t\t\t\t\t\t\t\t\t\t\t\t<div class=\"list-icon fas fa-chevron-right\"><\/div>\n\t\t\t\t\t\t\t\t\t\t\t\t<span class=\"list-content\">DENOMINACI\u00d3N: C\u00farcuma molida 90gr, en lata met\u00e1lica.<\/span>\n\t\t\t\t\t<\/li>\n\t\t\t\t\t\t\t\t\t\t\t\t\t\t<li>\n\t\t\t\t\t\t\t\t\t\t\t\t\t<div class=\"list-icon fas fa-chevron-right\"><\/div>\n\t\t\t\t\t\t\t\t\t\t\t\t<span class=\"list-content\">INGREDIENTES: C\u00farcuma molida.<\/span>\n\t\t\t\t\t<\/li>\n\t\t\t\t\t\t\t\t\t\t\t\t\t\t<li>\n\t\t\t\t\t\t\t\t\t\t\t\t\t<div class=\"list-icon fas fa-chevron-right\"><\/div>\n\t\t\t\t\t\t\t\t\t\t\t\t<span class=\"list-content\">FECHA DE CONSUMO PREFERENTE: 24 meses desde envasado para su venta.<\/span>\n\t\t\t\t\t<\/li>\n\t\t\t\t\t\t\t<\/ul>\n\t\t\t\t\t<\/div>\n\t\t\n\t\t[vc_tta_accordion active_section=&#8221;1&#8243; collapsible_all=&#8221;true&#8221;][vc_tta_section title=&#8221;SUGERENCIAS DE CONSUMO&#8221; tab_id=&#8221;1608806570432-1442b15d-8477a45b-e7e8&#8243;][vc_column_text css=&#8221;.vc_custom_1610456128026{margin-bottom: 30px !important;}&#8221; text_larger=&#8221;no&#8221;]Puedes utilizarla para todos los platillos con arroz, pastas, sopas, salsas, legumbres, ensaladas, verduras hervidas, etc. Tambi\u00e9n se usa para platos con huevo y pescado y uno de las recetas m\u00e1s conocidas es el pollo al curry o los pinchos de pescado.[\/vc_column_text][\/vc_tta_section][vc_tta_section title=&#8221;SUGERENCIAS DE CONSERVACI\u00d3N&#8221; tab_id=&#8221;1608806286769-34faf58d-e424a45b-e7e8&#8243;][vc_column_text css=&#8221;.vc_custom_1610455950122{margin-bottom: 30px !important;}&#8221; text_larger=&#8221;no&#8221;]Guardar en lugar fresco, seco y protegido de la luz.[\/vc_column_text][\/vc_tta_section][\/vc_tta_accordion][\/vc_column][vc_column width=&#8221;1\/3&#8243;][vc_single_image image=&#8221;8187&#8243; img_size=&#8221;full&#8221; alignment=&#8221;center&#8221; onclick=&#8221;link_image&#8221; parallax_scroll=&#8221;no&#8221;][\/vc_column][\/vc_row]<\/p>\n<\/div>","protected":false},"excerpt":{"rendered":"<p>Ground turmeric 90gr, in a metal can.<\/p>\n","protected":false},"featured_media":9096,"template":"","meta":{"_editorskit_title_hidden":false,"_editorskit_reading_time":0,"_editorskit_is_block_options_detached":false,"_editorskit_block_options_position":"{}"},"product_brand":[],"product_cat":[152],"product_tag":[],"giftcard-category":[],"class_list":{"0":"post-10973","1":"product","2":"type-product","3":"status-publish","4":"has-post-thumbnail","6":"product_cat-salts-and-spices","8":"first","9":"instock","10":"taxable","11":"shipping-taxable","12":"purchasable","13":"product-type-simple"},"yoast_head":"<!-- This site is optimized with the Yoast SEO plugin v27.1.1 - https:\/\/yoast.com\/product\/yoast-seo-wordpress\/ -->\n<title>Ground turmeric 90gr. - Aceites Molisur<\/title>\n<meta name=\"robots\" content=\"index, follow, max-snippet:-1, max-image-preview:large, max-video-preview:-1\" \/>\n<link rel=\"canonical\" href=\"https:\/\/aceitesmolisur.es\/en\/shop\/curcuma-molida-90gr\/\" \/>\n<meta property=\"og:locale\" content=\"en_US\" \/>\n<meta property=\"og:type\" content=\"article\" \/>\n<meta property=\"og:title\" content=\"Ground turmeric 90gr. - Aceites Molisur\" \/>\n<meta property=\"og:description\" content=\"Ground turmeric 90gr, in a metal can.\" \/>\n<meta property=\"og:url\" content=\"https:\/\/aceitesmolisur.es\/en\/shop\/curcuma-molida-90gr\/\" \/>\n<meta property=\"og:site_name\" content=\"Aceites Molisur\" \/>\n<meta property=\"article:modified_time\" content=\"2022-12-09T09:39:48+00:00\" \/>\n<meta property=\"og:image\" content=\"https:\/\/aceitesmolisur.es\/wp-content\/uploads\/2021\/01\/curcuma.jpg\" \/>\n\t<meta property=\"og:image:width\" content=\"600\" \/>\n\t<meta property=\"og:image:height\" content=\"600\" \/>\n\t<meta property=\"og:image:type\" content=\"image\/jpeg\" \/>\n<meta name=\"twitter:card\" content=\"summary_large_image\" \/>\n<meta name=\"twitter:label1\" content=\"Est. reading time\" \/>\n\t<meta name=\"twitter:data1\" content=\"1 minute\" \/>\n<script type=\"application\/ld+json\" class=\"yoast-schema-graph\">{\"@context\":\"https:\/\/schema.org\",\"@graph\":[{\"@type\":\"WebPage\",\"@id\":\"https:\/\/aceitesmolisur.es\/en\/shop\/curcuma-molida-90gr\/\",\"url\":\"https:\/\/aceitesmolisur.es\/en\/shop\/curcuma-molida-90gr\/\",\"name\":\"Ground turmeric 90gr. - Aceites Molisur\",\"isPartOf\":{\"@id\":\"https:\/\/aceitesmolisur.es\/#website\"},\"primaryImageOfPage\":{\"@id\":\"https:\/\/aceitesmolisur.es\/en\/shop\/curcuma-molida-90gr\/#primaryimage\"},\"image\":{\"@id\":\"https:\/\/aceitesmolisur.es\/en\/shop\/curcuma-molida-90gr\/#primaryimage\"},\"thumbnailUrl\":\"https:\/\/aceitesmolisur.es\/wp-content\/uploads\/2021\/01\/curcuma.jpg\",\"datePublished\":\"2021-01-12T11:45:35+00:00\",\"dateModified\":\"2022-12-09T09:39:48+00:00\",\"breadcrumb\":{\"@id\":\"https:\/\/aceitesmolisur.es\/en\/shop\/curcuma-molida-90gr\/#breadcrumb\"},\"inLanguage\":\"en-US\",\"potentialAction\":[{\"@type\":\"ReadAction\",\"target\":[\"https:\/\/aceitesmolisur.es\/en\/shop\/curcuma-molida-90gr\/\"]}]},{\"@type\":\"ImageObject\",\"inLanguage\":\"en-US\",\"@id\":\"https:\/\/aceitesmolisur.es\/en\/shop\/curcuma-molida-90gr\/#primaryimage\",\"url\":\"https:\/\/aceitesmolisur.es\/wp-content\/uploads\/2021\/01\/curcuma.jpg\",\"contentUrl\":\"https:\/\/aceitesmolisur.es\/wp-content\/uploads\/2021\/01\/curcuma.jpg\",\"width\":600,\"height\":600},{\"@type\":\"BreadcrumbList\",\"@id\":\"https:\/\/aceitesmolisur.es\/en\/shop\/curcuma-molida-90gr\/#breadcrumb\",\"itemListElement\":[{\"@type\":\"ListItem\",\"position\":1,\"name\":\"Home\",\"item\":\"https:\/\/aceitesmolisur.es\/en\/\"},{\"@type\":\"ListItem\",\"position\":2,\"name\":\"Tienda Online\",\"item\":\"https:\/\/aceitesmolisur.es\/tienda\/\"},{\"@type\":\"ListItem\",\"position\":3,\"name\":\"Ground turmeric 90gr.\"}]},{\"@type\":\"WebSite\",\"@id\":\"https:\/\/aceitesmolisur.es\/#website\",\"url\":\"https:\/\/aceitesmolisur.es\/\",\"name\":\"Aceites Molisur\",\"description\":\"\",\"publisher\":{\"@id\":\"https:\/\/aceitesmolisur.es\/#organization\"},\"potentialAction\":[{\"@type\":\"SearchAction\",\"target\":{\"@type\":\"EntryPoint\",\"urlTemplate\":\"https:\/\/aceitesmolisur.es\/?s={search_term_string}\"},\"query-input\":{\"@type\":\"PropertyValueSpecification\",\"valueRequired\":true,\"valueName\":\"search_term_string\"}}],\"inLanguage\":\"en-US\"},{\"@type\":\"Organization\",\"@id\":\"https:\/\/aceitesmolisur.es\/#organization\",\"name\":\"Aceites Molisur\",\"url\":\"https:\/\/aceitesmolisur.es\/\",\"logo\":{\"@type\":\"ImageObject\",\"inLanguage\":\"en-US\",\"@id\":\"https:\/\/aceitesmolisur.es\/#\/schema\/logo\/image\/\",\"url\":\"https:\/\/aceitesmolisur.es\/wp-content\/uploads\/2020\/09\/logo-aceites-molisur-2.png\",\"contentUrl\":\"https:\/\/aceitesmolisur.es\/wp-content\/uploads\/2020\/09\/logo-aceites-molisur-2.png\",\"width\":400,\"height\":98,\"caption\":\"Aceites Molisur\"},\"image\":{\"@id\":\"https:\/\/aceitesmolisur.es\/#\/schema\/logo\/image\/\"}}]}<\/script>\n<!-- \/ Yoast SEO plugin. -->","yoast_head_json":{"title":"Ground turmeric 90gr. - Aceites Molisur","robots":{"index":"index","follow":"follow","max-snippet":"max-snippet:-1","max-image-preview":"max-image-preview:large","max-video-preview":"max-video-preview:-1"},"canonical":"https:\/\/aceitesmolisur.es\/en\/shop\/curcuma-molida-90gr\/","og_locale":"en_US","og_type":"article","og_title":"Ground turmeric 90gr. - Aceites Molisur","og_description":"Ground turmeric 90gr, in a metal can.","og_url":"https:\/\/aceitesmolisur.es\/en\/shop\/curcuma-molida-90gr\/","og_site_name":"Aceites Molisur","article_modified_time":"2022-12-09T09:39:48+00:00","og_image":[{"width":600,"height":600,"url":"https:\/\/aceitesmolisur.es\/wp-content\/uploads\/2021\/01\/curcuma.jpg","type":"image\/jpeg"}],"twitter_card":"summary_large_image","twitter_misc":{"Est. reading time":"1 minute"},"schema":{"@context":"https:\/\/schema.org","@graph":[{"@type":"WebPage","@id":"https:\/\/aceitesmolisur.es\/en\/shop\/curcuma-molida-90gr\/","url":"https:\/\/aceitesmolisur.es\/en\/shop\/curcuma-molida-90gr\/","name":"Ground turmeric 90gr. - Aceites Molisur","isPartOf":{"@id":"https:\/\/aceitesmolisur.es\/#website"},"primaryImageOfPage":{"@id":"https:\/\/aceitesmolisur.es\/en\/shop\/curcuma-molida-90gr\/#primaryimage"},"image":{"@id":"https:\/\/aceitesmolisur.es\/en\/shop\/curcuma-molida-90gr\/#primaryimage"},"thumbnailUrl":"https:\/\/aceitesmolisur.es\/wp-content\/uploads\/2021\/01\/curcuma.jpg","datePublished":"2021-01-12T11:45:35+00:00","dateModified":"2022-12-09T09:39:48+00:00","breadcrumb":{"@id":"https:\/\/aceitesmolisur.es\/en\/shop\/curcuma-molida-90gr\/#breadcrumb"},"inLanguage":"en-US","potentialAction":[{"@type":"ReadAction","target":["https:\/\/aceitesmolisur.es\/en\/shop\/curcuma-molida-90gr\/"]}]},{"@type":"ImageObject","inLanguage":"en-US","@id":"https:\/\/aceitesmolisur.es\/en\/shop\/curcuma-molida-90gr\/#primaryimage","url":"https:\/\/aceitesmolisur.es\/wp-content\/uploads\/2021\/01\/curcuma.jpg","contentUrl":"https:\/\/aceitesmolisur.es\/wp-content\/uploads\/2021\/01\/curcuma.jpg","width":600,"height":600},{"@type":"BreadcrumbList","@id":"https:\/\/aceitesmolisur.es\/en\/shop\/curcuma-molida-90gr\/#breadcrumb","itemListElement":[{"@type":"ListItem","position":1,"name":"Home","item":"https:\/\/aceitesmolisur.es\/en\/"},{"@type":"ListItem","position":2,"name":"Tienda Online","item":"https:\/\/aceitesmolisur.es\/tienda\/"},{"@type":"ListItem","position":3,"name":"Ground turmeric 90gr."}]},{"@type":"WebSite","@id":"https:\/\/aceitesmolisur.es\/#website","url":"https:\/\/aceitesmolisur.es\/","name":"Aceites Molisur","description":"","publisher":{"@id":"https:\/\/aceitesmolisur.es\/#organization"},"potentialAction":[{"@type":"SearchAction","target":{"@type":"EntryPoint","urlTemplate":"https:\/\/aceitesmolisur.es\/?s={search_term_string}"},"query-input":{"@type":"PropertyValueSpecification","valueRequired":true,"valueName":"search_term_string"}}],"inLanguage":"en-US"},{"@type":"Organization","@id":"https:\/\/aceitesmolisur.es\/#organization","name":"Aceites Molisur","url":"https:\/\/aceitesmolisur.es\/","logo":{"@type":"ImageObject","inLanguage":"en-US","@id":"https:\/\/aceitesmolisur.es\/#\/schema\/logo\/image\/","url":"https:\/\/aceitesmolisur.es\/wp-content\/uploads\/2020\/09\/logo-aceites-molisur-2.png","contentUrl":"https:\/\/aceitesmolisur.es\/wp-content\/uploads\/2020\/09\/logo-aceites-molisur-2.png","width":400,"height":98,"caption":"Aceites Molisur"},"image":{"@id":"https:\/\/aceitesmolisur.es\/#\/schema\/logo\/image\/"}}]}},"_links":{"self":[{"href":"https:\/\/aceitesmolisur.es\/en\/wp-json\/wp\/v2\/product\/10973","targetHints":{"allow":["GET"]}}],"collection":[{"href":"https:\/\/aceitesmolisur.es\/en\/wp-json\/wp\/v2\/product"}],"about":[{"href":"https:\/\/aceitesmolisur.es\/en\/wp-json\/wp\/v2\/types\/product"}],"version-history":[{"count":1,"href":"https:\/\/aceitesmolisur.es\/en\/wp-json\/wp\/v2\/product\/10973\/revisions"}],"predecessor-version":[{"id":10974,"href":"https:\/\/aceitesmolisur.es\/en\/wp-json\/wp\/v2\/product\/10973\/revisions\/10974"}],"wp:featuredmedia":[{"embeddable":true,"href":"https:\/\/aceitesmolisur.es\/en\/wp-json\/wp\/v2\/media\/9096"}],"wp:attachment":[{"href":"https:\/\/aceitesmolisur.es\/en\/wp-json\/wp\/v2\/media?parent=10973"}],"wp:term":[{"taxonomy":"product_brand","embeddable":true,"href":"https:\/\/aceitesmolisur.es\/en\/wp-json\/wp\/v2\/product_brand?post=10973"},{"taxonomy":"product_cat","embeddable":true,"href":"https:\/\/aceitesmolisur.es\/en\/wp-json\/wp\/v2\/product_cat?post=10973"},{"taxonomy":"product_tag","embeddable":true,"href":"https:\/\/aceitesmolisur.es\/en\/wp-json\/wp\/v2\/product_tag?post=10973"},{"taxonomy":"giftcard-category","embeddable":true,"href":"https:\/\/aceitesmolisur.es\/en\/wp-json\/wp\/v2\/giftcard-category?post=10973"}],"curies":[{"name":"wp","href":"https:\/\/api.w.org\/{rel}","templated":true}]}}