{"id":14437,"date":"2024-05-27T17:49:48","date_gmt":"2024-05-27T15:49:48","guid":{"rendered":"https:\/\/aceitesmolisur.es\/shop\/aceitunas-chupadedos\/"},"modified":"2024-11-15T11:25:12","modified_gmt":"2024-11-15T10:25:12","slug":"aceitunas-chupadedos","status":"publish","type":"product","link":"https:\/\/aceitesmolisur.es\/en\/shop\/aceitunas-chupadedos\/","title":{"rendered":"Aceitunas chupadedos 170gr"},"content":{"rendered":"","protected":false},"excerpt":{"rendered":"<p>Las aceitunas chupadedos son de la variedad verdial y est\u00e1n ali\u00f1adas con pimiento, ajo, or\u00e9gano y aceite de oliva, resultando un sabor dulce muy agradable. Es caracter\u00edstica por su color verde intenso y es ideal como acompa\u00f1ante para tomarla en aperitivos.<\/p>\n","protected":false},"featured_media":13905,"template":"","meta":{"_editorskit_title_hidden":false,"_editorskit_reading_time":0,"_editorskit_is_block_options_detached":false,"_editorskit_block_options_position":"{}"},"product_brand":[],"product_cat":[102,103],"product_tag":[],"giftcard-category":[],"class_list":{"0":"post-14437","1":"product","2":"type-product","3":"status-publish","4":"has-post-thumbnail","6":"product_cat-olives","7":"product_cat-whole-olives","9":"first","10":"instock","11":"taxable","12":"shipping-taxable","13":"purchasable","14":"product-type-simple"},"yoast_head":"<!-- This site is optimized with the Yoast SEO plugin v27.1.1 - https:\/\/yoast.com\/product\/yoast-seo-wordpress\/ -->\n<title>Aceitunas chupadedos 170gr - Aceites Molisur<\/title>\n<meta name=\"robots\" content=\"index, follow, max-snippet:-1, max-image-preview:large, max-video-preview:-1\" \/>\n<link rel=\"canonical\" href=\"https:\/\/aceitesmolisur.es\/en\/shop\/aceitunas-chupadedos\/\" \/>\n<meta property=\"og:locale\" content=\"en_US\" \/>\n<meta property=\"og:type\" content=\"article\" \/>\n<meta property=\"og:title\" content=\"Aceitunas chupadedos 170gr - Aceites Molisur\" \/>\n<meta property=\"og:description\" content=\"Las aceitunas chupadedos son de la variedad verdial y est\u00e1n ali\u00f1adas con pimiento, ajo, or\u00e9gano y aceite de oliva, resultando un sabor dulce muy agradable. Es caracter\u00edstica por su color verde intenso y es ideal como acompa\u00f1ante para tomarla en aperitivos.\" \/>\n<meta property=\"og:url\" content=\"https:\/\/aceitesmolisur.es\/en\/shop\/aceitunas-chupadedos\/\" \/>\n<meta property=\"og:site_name\" content=\"Aceites Molisur\" \/>\n<meta property=\"article:modified_time\" content=\"2024-11-15T10:25:12+00:00\" \/>\n<meta property=\"og:image\" content=\"https:\/\/aceitesmolisur.es\/wp-content\/uploads\/2024\/05\/aceitunas-chupadedos-170-gr-e1716824965292.png\" \/>\n\t<meta property=\"og:image:width\" content=\"1100\" \/>\n\t<meta property=\"og:image:height\" content=\"1422\" \/>\n\t<meta property=\"og:image:type\" content=\"image\/png\" \/>\n<meta name=\"twitter:card\" content=\"summary_large_image\" \/>\n<meta name=\"twitter:label1\" content=\"Est. reading time\" \/>\n\t<meta name=\"twitter:data1\" content=\"1 minute\" \/>\n<script type=\"application\/ld+json\" class=\"yoast-schema-graph\">{\"@context\":\"https:\/\/schema.org\",\"@graph\":[{\"@type\":\"WebPage\",\"@id\":\"https:\/\/aceitesmolisur.es\/en\/shop\/aceitunas-chupadedos\/\",\"url\":\"https:\/\/aceitesmolisur.es\/en\/shop\/aceitunas-chupadedos\/\",\"name\":\"Aceitunas chupadedos 170gr - Aceites Molisur\",\"isPartOf\":{\"@id\":\"https:\/\/aceitesmolisur.es\/#website\"},\"primaryImageOfPage\":{\"@id\":\"https:\/\/aceitesmolisur.es\/en\/shop\/aceitunas-chupadedos\/#primaryimage\"},\"image\":{\"@id\":\"https:\/\/aceitesmolisur.es\/en\/shop\/aceitunas-chupadedos\/#primaryimage\"},\"thumbnailUrl\":\"https:\/\/aceitesmolisur.es\/wp-content\/uploads\/2024\/05\/aceitunas-chupadedos-170-gr-e1716824965292.png\",\"datePublished\":\"2024-05-27T15:49:48+00:00\",\"dateModified\":\"2024-11-15T10:25:12+00:00\",\"breadcrumb\":{\"@id\":\"https:\/\/aceitesmolisur.es\/en\/shop\/aceitunas-chupadedos\/#breadcrumb\"},\"inLanguage\":\"en-US\",\"potentialAction\":[{\"@type\":\"ReadAction\",\"target\":[\"https:\/\/aceitesmolisur.es\/en\/shop\/aceitunas-chupadedos\/\"]}]},{\"@type\":\"ImageObject\",\"inLanguage\":\"en-US\",\"@id\":\"https:\/\/aceitesmolisur.es\/en\/shop\/aceitunas-chupadedos\/#primaryimage\",\"url\":\"https:\/\/aceitesmolisur.es\/wp-content\/uploads\/2024\/05\/aceitunas-chupadedos-170-gr-e1716824965292.png\",\"contentUrl\":\"https:\/\/aceitesmolisur.es\/wp-content\/uploads\/2024\/05\/aceitunas-chupadedos-170-gr-e1716824965292.png\",\"width\":1100,\"height\":1422},{\"@type\":\"BreadcrumbList\",\"@id\":\"https:\/\/aceitesmolisur.es\/en\/shop\/aceitunas-chupadedos\/#breadcrumb\",\"itemListElement\":[{\"@type\":\"ListItem\",\"position\":1,\"name\":\"Home\",\"item\":\"https:\/\/aceitesmolisur.es\/en\/\"},{\"@type\":\"ListItem\",\"position\":2,\"name\":\"Tienda Online\",\"item\":\"https:\/\/aceitesmolisur.es\/tienda\/\"},{\"@type\":\"ListItem\",\"position\":3,\"name\":\"Aceitunas chupadedos 170gr\"}]},{\"@type\":\"WebSite\",\"@id\":\"https:\/\/aceitesmolisur.es\/#website\",\"url\":\"https:\/\/aceitesmolisur.es\/\",\"name\":\"Aceites Molisur\",\"description\":\"\",\"publisher\":{\"@id\":\"https:\/\/aceitesmolisur.es\/#organization\"},\"potentialAction\":[{\"@type\":\"SearchAction\",\"target\":{\"@type\":\"EntryPoint\",\"urlTemplate\":\"https:\/\/aceitesmolisur.es\/?s={search_term_string}\"},\"query-input\":{\"@type\":\"PropertyValueSpecification\",\"valueRequired\":true,\"valueName\":\"search_term_string\"}}],\"inLanguage\":\"en-US\"},{\"@type\":\"Organization\",\"@id\":\"https:\/\/aceitesmolisur.es\/#organization\",\"name\":\"Aceites Molisur\",\"url\":\"https:\/\/aceitesmolisur.es\/\",\"logo\":{\"@type\":\"ImageObject\",\"inLanguage\":\"en-US\",\"@id\":\"https:\/\/aceitesmolisur.es\/#\/schema\/logo\/image\/\",\"url\":\"https:\/\/aceitesmolisur.es\/wp-content\/uploads\/2020\/09\/logo-aceites-molisur-2.png\",\"contentUrl\":\"https:\/\/aceitesmolisur.es\/wp-content\/uploads\/2020\/09\/logo-aceites-molisur-2.png\",\"width\":400,\"height\":98,\"caption\":\"Aceites Molisur\"},\"image\":{\"@id\":\"https:\/\/aceitesmolisur.es\/#\/schema\/logo\/image\/\"}}]}<\/script>\n<!-- \/ Yoast SEO plugin. -->","yoast_head_json":{"title":"Aceitunas chupadedos 170gr - Aceites Molisur","robots":{"index":"index","follow":"follow","max-snippet":"max-snippet:-1","max-image-preview":"max-image-preview:large","max-video-preview":"max-video-preview:-1"},"canonical":"https:\/\/aceitesmolisur.es\/en\/shop\/aceitunas-chupadedos\/","og_locale":"en_US","og_type":"article","og_title":"Aceitunas chupadedos 170gr - Aceites Molisur","og_description":"Las aceitunas chupadedos son de la variedad verdial y est\u00e1n ali\u00f1adas con pimiento, ajo, or\u00e9gano y aceite de oliva, resultando un sabor dulce muy agradable. Es caracter\u00edstica por su color verde intenso y es ideal como acompa\u00f1ante para tomarla en aperitivos.","og_url":"https:\/\/aceitesmolisur.es\/en\/shop\/aceitunas-chupadedos\/","og_site_name":"Aceites Molisur","article_modified_time":"2024-11-15T10:25:12+00:00","og_image":[{"width":1100,"height":1422,"url":"https:\/\/aceitesmolisur.es\/wp-content\/uploads\/2024\/05\/aceitunas-chupadedos-170-gr-e1716824965292.png","type":"image\/png"}],"twitter_card":"summary_large_image","twitter_misc":{"Est. reading time":"1 minute"},"schema":{"@context":"https:\/\/schema.org","@graph":[{"@type":"WebPage","@id":"https:\/\/aceitesmolisur.es\/en\/shop\/aceitunas-chupadedos\/","url":"https:\/\/aceitesmolisur.es\/en\/shop\/aceitunas-chupadedos\/","name":"Aceitunas chupadedos 170gr - Aceites Molisur","isPartOf":{"@id":"https:\/\/aceitesmolisur.es\/#website"},"primaryImageOfPage":{"@id":"https:\/\/aceitesmolisur.es\/en\/shop\/aceitunas-chupadedos\/#primaryimage"},"image":{"@id":"https:\/\/aceitesmolisur.es\/en\/shop\/aceitunas-chupadedos\/#primaryimage"},"thumbnailUrl":"https:\/\/aceitesmolisur.es\/wp-content\/uploads\/2024\/05\/aceitunas-chupadedos-170-gr-e1716824965292.png","datePublished":"2024-05-27T15:49:48+00:00","dateModified":"2024-11-15T10:25:12+00:00","breadcrumb":{"@id":"https:\/\/aceitesmolisur.es\/en\/shop\/aceitunas-chupadedos\/#breadcrumb"},"inLanguage":"en-US","potentialAction":[{"@type":"ReadAction","target":["https:\/\/aceitesmolisur.es\/en\/shop\/aceitunas-chupadedos\/"]}]},{"@type":"ImageObject","inLanguage":"en-US","@id":"https:\/\/aceitesmolisur.es\/en\/shop\/aceitunas-chupadedos\/#primaryimage","url":"https:\/\/aceitesmolisur.es\/wp-content\/uploads\/2024\/05\/aceitunas-chupadedos-170-gr-e1716824965292.png","contentUrl":"https:\/\/aceitesmolisur.es\/wp-content\/uploads\/2024\/05\/aceitunas-chupadedos-170-gr-e1716824965292.png","width":1100,"height":1422},{"@type":"BreadcrumbList","@id":"https:\/\/aceitesmolisur.es\/en\/shop\/aceitunas-chupadedos\/#breadcrumb","itemListElement":[{"@type":"ListItem","position":1,"name":"Home","item":"https:\/\/aceitesmolisur.es\/en\/"},{"@type":"ListItem","position":2,"name":"Tienda Online","item":"https:\/\/aceitesmolisur.es\/tienda\/"},{"@type":"ListItem","position":3,"name":"Aceitunas chupadedos 170gr"}]},{"@type":"WebSite","@id":"https:\/\/aceitesmolisur.es\/#website","url":"https:\/\/aceitesmolisur.es\/","name":"Aceites Molisur","description":"","publisher":{"@id":"https:\/\/aceitesmolisur.es\/#organization"},"potentialAction":[{"@type":"SearchAction","target":{"@type":"EntryPoint","urlTemplate":"https:\/\/aceitesmolisur.es\/?s={search_term_string}"},"query-input":{"@type":"PropertyValueSpecification","valueRequired":true,"valueName":"search_term_string"}}],"inLanguage":"en-US"},{"@type":"Organization","@id":"https:\/\/aceitesmolisur.es\/#organization","name":"Aceites Molisur","url":"https:\/\/aceitesmolisur.es\/","logo":{"@type":"ImageObject","inLanguage":"en-US","@id":"https:\/\/aceitesmolisur.es\/#\/schema\/logo\/image\/","url":"https:\/\/aceitesmolisur.es\/wp-content\/uploads\/2020\/09\/logo-aceites-molisur-2.png","contentUrl":"https:\/\/aceitesmolisur.es\/wp-content\/uploads\/2020\/09\/logo-aceites-molisur-2.png","width":400,"height":98,"caption":"Aceites Molisur"},"image":{"@id":"https:\/\/aceitesmolisur.es\/#\/schema\/logo\/image\/"}}]}},"_links":{"self":[{"href":"https:\/\/aceitesmolisur.es\/en\/wp-json\/wp\/v2\/product\/14437","targetHints":{"allow":["GET"]}}],"collection":[{"href":"https:\/\/aceitesmolisur.es\/en\/wp-json\/wp\/v2\/product"}],"about":[{"href":"https:\/\/aceitesmolisur.es\/en\/wp-json\/wp\/v2\/types\/product"}],"version-history":[{"count":1,"href":"https:\/\/aceitesmolisur.es\/en\/wp-json\/wp\/v2\/product\/14437\/revisions"}],"predecessor-version":[{"id":15731,"href":"https:\/\/aceitesmolisur.es\/en\/wp-json\/wp\/v2\/product\/14437\/revisions\/15731"}],"wp:featuredmedia":[{"embeddable":true,"href":"https:\/\/aceitesmolisur.es\/en\/wp-json\/wp\/v2\/media\/13905"}],"wp:attachment":[{"href":"https:\/\/aceitesmolisur.es\/en\/wp-json\/wp\/v2\/media?parent=14437"}],"wp:term":[{"taxonomy":"product_brand","embeddable":true,"href":"https:\/\/aceitesmolisur.es\/en\/wp-json\/wp\/v2\/product_brand?post=14437"},{"taxonomy":"product_cat","embeddable":true,"href":"https:\/\/aceitesmolisur.es\/en\/wp-json\/wp\/v2\/product_cat?post=14437"},{"taxonomy":"product_tag","embeddable":true,"href":"https:\/\/aceitesmolisur.es\/en\/wp-json\/wp\/v2\/product_tag?post=14437"},{"taxonomy":"giftcard-category","embeddable":true,"href":"https:\/\/aceitesmolisur.es\/en\/wp-json\/wp\/v2\/giftcard-category?post=14437"}],"curies":[{"name":"wp","href":"https:\/\/api.w.org\/{rel}","templated":true}]}}