{"id":20329,"date":"2026-05-13T10:50:29","date_gmt":"2026-05-13T08:50:29","guid":{"rendered":"https:\/\/aceitesmolisur.es\/?post_type=product&#038;p=20329"},"modified":"2026-05-13T10:50:29","modified_gmt":"2026-05-13T08:50:29","slug":"espanol-museo-fabrica-cata","status":"publish","type":"product","link":"https:\/\/aceitesmolisur.es\/en\/shop\/espanol-museo-fabrica-cata\/","title":{"rendered":"-ESPA\u00d1OL- Museo + F\u00e1brica + Cata"},"content":{"rendered":"","protected":false},"excerpt":{"rendered":"<p>Nuestra visita comienza en el espacio dedicado a los olivos centenarios, con el impresionante tel\u00f3n de fondo del\u00a0<strong>columpio m\u00e1s alto de Espa\u00f1a<\/strong>, que alcanza m\u00e1s de 11 metros de altura.<\/p>\n<p>En el\u00a0<strong>museo del aceite<\/strong>, revivir\u00e1s la historia con un molino hist\u00f3rico de 1910, que cobra vida durante la explicaci\u00f3n, permitiendo a los visitantes apreciar su funcionamiento.<\/p>\n<p>Esta recreaci\u00f3n contrasta con las\u00a0<strong>instalaciones innovadoras actuales,<\/strong>\u00a0donde se lleva a cabo el actual proceso de elaboraci\u00f3n de nuestros Aceites de Oliva Virgen Extra (AOVEs) de m\u00e1xima calidad.<\/p>\n<p>Adem\u00e1s, disfrutar\u00e1s de una\u00a0<strong>iniciaci\u00f3n a la cata,\u00a0<\/strong>en la cual degustar\u00e1s tres tipos de Aceites de Oliva Virgen Extra diferentes, aprendiendo as\u00ed a distinguir los aromas y sabores caracter\u00edsticos de cada uno.<\/p>\n<p>\u2705\u00a0<strong>Cancelaci\u00f3n gratuita hasta 24 horas antes de tu visita.<\/strong><\/p>\n<p>\u2705\u00a0<strong>Garant\u00eda del Mejor Precio<\/strong><\/p>\n<p>\ud83d\udc67 \u00a1Ni\u00f1os\u00a0<strong>menores de 10 a\u00f1os<\/strong>\u00a0entran gratis!<\/p>\n<p>\ud83d\udd50\u00a0<strong>Duraci\u00f3n: 90 minutos<\/strong><\/p>\n<p><strong>\ud83d\udd38Informar sobre intolerancia al gluten con antelaci\u00f3n.<\/strong><\/p>\n<p><strong>\ud83d\udd38Se aconseja el uso de calzado c\u00f3modo y adecuado para caminar, as\u00ed como una gorra o sombrero en d\u00edas calurosos.<\/strong><\/p>\n<p><strong>\ud83d\udd38Queremos informarles que, en cumplimiento con las normativas sanitarias,\u00a0NO es posible el ingreso de MASCOTAS, incluyendo PERROS, en nuestras instalaciones. Como estamos dedicados a la producci\u00f3n de alimentos, es esencial para nosotros garantizar un ambiente higi\u00e9nico y seguro, por lo que seguimos estas regulaciones de sanidad de manera estricta. Agradecemos su comprensi\u00f3n y apoyo en el cumplimiento de estas normas.<\/strong><\/p>\n","protected":false},"featured_media":13079,"template":"","meta":{"_editorskit_title_hidden":false,"_editorskit_reading_time":0,"_editorskit_is_block_options_detached":false,"_editorskit_block_options_position":"{}"},"product_brand":[],"product_cat":[112],"product_tag":[],"giftcard-category":[],"class_list":{"0":"post-20329","1":"product","2":"type-product","3":"status-publish","4":"has-post-thumbnail","6":"product_cat-oleotourism","8":"first","9":"instock","10":"virtual","11":"sold-individually","12":"taxable","13":"purchasable","14":"product-type-phive_booking"},"yoast_head":"<!-- This site is optimized with the Yoast SEO plugin v27.1.1 - https:\/\/yoast.com\/product\/yoast-seo-wordpress\/ -->\n<title>-ESPA\u00d1OL- Museo + F\u00e1brica + Cata - Aceites Molisur<\/title>\n<meta name=\"robots\" content=\"index, follow, max-snippet:-1, max-image-preview:large, max-video-preview:-1\" \/>\n<link rel=\"canonical\" href=\"https:\/\/aceitesmolisur.es\/en\/shop\/espanol-museo-fabrica-cata\/\" \/>\n<meta property=\"og:locale\" content=\"en_US\" \/>\n<meta property=\"og:type\" content=\"article\" \/>\n<meta property=\"og:title\" content=\"-ESPA\u00d1OL- Museo + F\u00e1brica + Cata - Aceites Molisur\" \/>\n<meta property=\"og:description\" content=\"Nuestra visita comienza en el espacio dedicado a los olivos centenarios, con el impresionante tel\u00f3n de fondo del\u00a0columpio m\u00e1s alto de Espa\u00f1a, que alcanza m\u00e1s de 11 metros de altura.  En el\u00a0museo del aceite, revivir\u00e1s la historia con un molino hist\u00f3rico de 1910, que cobra vida durante la explicaci\u00f3n, permitiendo a los visitantes apreciar su funcionamiento.  Esta recreaci\u00f3n contrasta con las\u00a0instalaciones innovadoras actuales,\u00a0donde se lleva a cabo el actual proceso de elaboraci\u00f3n de nuestros Aceites de Oliva Virgen Extra (AOVEs) de m\u00e1xima calidad.  Adem\u00e1s, disfrutar\u00e1s de una\u00a0iniciaci\u00f3n a la cata,\u00a0en la cual degustar\u00e1s tres tipos de Aceites de Oliva Virgen Extra diferentes, aprendiendo as\u00ed a distinguir los aromas y sabores caracter\u00edsticos de cada uno.  \u2705\u00a0Cancelaci\u00f3n gratuita hasta 24 horas antes de tu visita.  \u2705\u00a0Garant\u00eda del Mejor Precio  \ud83d\udc67 \u00a1Ni\u00f1os\u00a0menores de 10 a\u00f1os\u00a0entran gratis!  \ud83d\udd50\u00a0Duraci\u00f3n: 90 minutos  \ud83d\udd38Informar sobre intolerancia al gluten con antelaci\u00f3n.  \ud83d\udd38Se aconseja el uso de calzado c\u00f3modo y adecuado para caminar, as\u00ed como una gorra o sombrero en d\u00edas calurosos.  \ud83d\udd38Queremos informarles que, en cumplimiento con las normativas sanitarias,\u00a0NO es posible el ingreso de MASCOTAS, incluyendo PERROS, en nuestras instalaciones. Como estamos dedicados a la producci\u00f3n de alimentos, es esencial para nosotros garantizar un ambiente higi\u00e9nico y seguro, por lo que seguimos estas regulaciones de sanidad de manera estricta. Agradecemos su comprensi\u00f3n y apoyo en el cumplimiento de estas normas.\" \/>\n<meta property=\"og:url\" content=\"https:\/\/aceitesmolisur.es\/en\/shop\/espanol-museo-fabrica-cata\/\" \/>\n<meta property=\"og:site_name\" content=\"Aceites Molisur\" \/>\n<meta property=\"og:image\" content=\"https:\/\/aceitesmolisur.es\/wp-content\/uploads\/2017\/06\/tour_spanish_cover.webp\" \/>\n\t<meta property=\"og:image:width\" content=\"2560\" \/>\n\t<meta property=\"og:image:height\" content=\"1920\" \/>\n\t<meta property=\"og:image:type\" content=\"image\/webp\" \/>\n<meta name=\"twitter:card\" content=\"summary_large_image\" \/>\n<meta name=\"twitter:label1\" content=\"Est. reading time\" \/>\n\t<meta name=\"twitter:data1\" content=\"1 minute\" \/>\n<script type=\"application\/ld+json\" class=\"yoast-schema-graph\">{\"@context\":\"https:\/\/schema.org\",\"@graph\":[{\"@type\":\"WebPage\",\"@id\":\"https:\/\/aceitesmolisur.es\/en\/shop\/espanol-museo-fabrica-cata\/\",\"url\":\"https:\/\/aceitesmolisur.es\/en\/shop\/espanol-museo-fabrica-cata\/\",\"name\":\"-ESPA\u00d1OL- Museo + F\u00e1brica + Cata - Aceites Molisur\",\"isPartOf\":{\"@id\":\"https:\/\/aceitesmolisur.es\/#website\"},\"primaryImageOfPage\":{\"@id\":\"https:\/\/aceitesmolisur.es\/en\/shop\/espanol-museo-fabrica-cata\/#primaryimage\"},\"image\":{\"@id\":\"https:\/\/aceitesmolisur.es\/en\/shop\/espanol-museo-fabrica-cata\/#primaryimage\"},\"thumbnailUrl\":\"https:\/\/aceitesmolisur.es\/wp-content\/uploads\/2017\/06\/tour_spanish_cover.webp\",\"datePublished\":\"2026-05-13T08:50:29+00:00\",\"breadcrumb\":{\"@id\":\"https:\/\/aceitesmolisur.es\/en\/shop\/espanol-museo-fabrica-cata\/#breadcrumb\"},\"inLanguage\":\"en-US\",\"potentialAction\":[{\"@type\":\"ReadAction\",\"target\":[\"https:\/\/aceitesmolisur.es\/en\/shop\/espanol-museo-fabrica-cata\/\"]}]},{\"@type\":\"ImageObject\",\"inLanguage\":\"en-US\",\"@id\":\"https:\/\/aceitesmolisur.es\/en\/shop\/espanol-museo-fabrica-cata\/#primaryimage\",\"url\":\"https:\/\/aceitesmolisur.es\/wp-content\/uploads\/2017\/06\/tour_spanish_cover.webp\",\"contentUrl\":\"https:\/\/aceitesmolisur.es\/wp-content\/uploads\/2017\/06\/tour_spanish_cover.webp\",\"width\":2560,\"height\":1920},{\"@type\":\"BreadcrumbList\",\"@id\":\"https:\/\/aceitesmolisur.es\/en\/shop\/espanol-museo-fabrica-cata\/#breadcrumb\",\"itemListElement\":[{\"@type\":\"ListItem\",\"position\":1,\"name\":\"Home\",\"item\":\"https:\/\/aceitesmolisur.es\/en\/\"},{\"@type\":\"ListItem\",\"position\":2,\"name\":\"Tienda Online\",\"item\":\"https:\/\/aceitesmolisur.es\/tienda\/\"},{\"@type\":\"ListItem\",\"position\":3,\"name\":\"-ESPA\u00d1OL- Museo + F\u00e1brica + Cata\"}]},{\"@type\":\"WebSite\",\"@id\":\"https:\/\/aceitesmolisur.es\/#website\",\"url\":\"https:\/\/aceitesmolisur.es\/\",\"name\":\"Aceites Molisur\",\"description\":\"\",\"publisher\":{\"@id\":\"https:\/\/aceitesmolisur.es\/#organization\"},\"potentialAction\":[{\"@type\":\"SearchAction\",\"target\":{\"@type\":\"EntryPoint\",\"urlTemplate\":\"https:\/\/aceitesmolisur.es\/?s={search_term_string}\"},\"query-input\":{\"@type\":\"PropertyValueSpecification\",\"valueRequired\":true,\"valueName\":\"search_term_string\"}}],\"inLanguage\":\"en-US\"},{\"@type\":\"Organization\",\"@id\":\"https:\/\/aceitesmolisur.es\/#organization\",\"name\":\"Aceites Molisur\",\"url\":\"https:\/\/aceitesmolisur.es\/\",\"logo\":{\"@type\":\"ImageObject\",\"inLanguage\":\"en-US\",\"@id\":\"https:\/\/aceitesmolisur.es\/#\/schema\/logo\/image\/\",\"url\":\"https:\/\/aceitesmolisur.es\/wp-content\/uploads\/2020\/09\/logo-aceites-molisur-2.png\",\"contentUrl\":\"https:\/\/aceitesmolisur.es\/wp-content\/uploads\/2020\/09\/logo-aceites-molisur-2.png\",\"width\":400,\"height\":98,\"caption\":\"Aceites Molisur\"},\"image\":{\"@id\":\"https:\/\/aceitesmolisur.es\/#\/schema\/logo\/image\/\"}}]}<\/script>\n<!-- \/ Yoast SEO plugin. -->","yoast_head_json":{"title":"-ESPA\u00d1OL- Museo + F\u00e1brica + Cata - Aceites Molisur","robots":{"index":"index","follow":"follow","max-snippet":"max-snippet:-1","max-image-preview":"max-image-preview:large","max-video-preview":"max-video-preview:-1"},"canonical":"https:\/\/aceitesmolisur.es\/en\/shop\/espanol-museo-fabrica-cata\/","og_locale":"en_US","og_type":"article","og_title":"-ESPA\u00d1OL- Museo + F\u00e1brica + Cata - Aceites Molisur","og_description":"Nuestra visita comienza en el espacio dedicado a los olivos centenarios, con el impresionante tel\u00f3n de fondo del\u00a0columpio m\u00e1s alto de Espa\u00f1a, que alcanza m\u00e1s de 11 metros de altura.  En el\u00a0museo del aceite, revivir\u00e1s la historia con un molino hist\u00f3rico de 1910, que cobra vida durante la explicaci\u00f3n, permitiendo a los visitantes apreciar su funcionamiento.  Esta recreaci\u00f3n contrasta con las\u00a0instalaciones innovadoras actuales,\u00a0donde se lleva a cabo el actual proceso de elaboraci\u00f3n de nuestros Aceites de Oliva Virgen Extra (AOVEs) de m\u00e1xima calidad.  Adem\u00e1s, disfrutar\u00e1s de una\u00a0iniciaci\u00f3n a la cata,\u00a0en la cual degustar\u00e1s tres tipos de Aceites de Oliva Virgen Extra diferentes, aprendiendo as\u00ed a distinguir los aromas y sabores caracter\u00edsticos de cada uno.  \u2705\u00a0Cancelaci\u00f3n gratuita hasta 24 horas antes de tu visita.  \u2705\u00a0Garant\u00eda del Mejor Precio  \ud83d\udc67 \u00a1Ni\u00f1os\u00a0menores de 10 a\u00f1os\u00a0entran gratis!  \ud83d\udd50\u00a0Duraci\u00f3n: 90 minutos  \ud83d\udd38Informar sobre intolerancia al gluten con antelaci\u00f3n.  \ud83d\udd38Se aconseja el uso de calzado c\u00f3modo y adecuado para caminar, as\u00ed como una gorra o sombrero en d\u00edas calurosos.  \ud83d\udd38Queremos informarles que, en cumplimiento con las normativas sanitarias,\u00a0NO es posible el ingreso de MASCOTAS, incluyendo PERROS, en nuestras instalaciones. Como estamos dedicados a la producci\u00f3n de alimentos, es esencial para nosotros garantizar un ambiente higi\u00e9nico y seguro, por lo que seguimos estas regulaciones de sanidad de manera estricta. Agradecemos su comprensi\u00f3n y apoyo en el cumplimiento de estas normas.","og_url":"https:\/\/aceitesmolisur.es\/en\/shop\/espanol-museo-fabrica-cata\/","og_site_name":"Aceites Molisur","og_image":[{"width":2560,"height":1920,"url":"https:\/\/aceitesmolisur.es\/wp-content\/uploads\/2017\/06\/tour_spanish_cover.webp","type":"image\/webp"}],"twitter_card":"summary_large_image","twitter_misc":{"Est. reading time":"1 minute"},"schema":{"@context":"https:\/\/schema.org","@graph":[{"@type":"WebPage","@id":"https:\/\/aceitesmolisur.es\/en\/shop\/espanol-museo-fabrica-cata\/","url":"https:\/\/aceitesmolisur.es\/en\/shop\/espanol-museo-fabrica-cata\/","name":"-ESPA\u00d1OL- Museo + F\u00e1brica + Cata - Aceites Molisur","isPartOf":{"@id":"https:\/\/aceitesmolisur.es\/#website"},"primaryImageOfPage":{"@id":"https:\/\/aceitesmolisur.es\/en\/shop\/espanol-museo-fabrica-cata\/#primaryimage"},"image":{"@id":"https:\/\/aceitesmolisur.es\/en\/shop\/espanol-museo-fabrica-cata\/#primaryimage"},"thumbnailUrl":"https:\/\/aceitesmolisur.es\/wp-content\/uploads\/2017\/06\/tour_spanish_cover.webp","datePublished":"2026-05-13T08:50:29+00:00","breadcrumb":{"@id":"https:\/\/aceitesmolisur.es\/en\/shop\/espanol-museo-fabrica-cata\/#breadcrumb"},"inLanguage":"en-US","potentialAction":[{"@type":"ReadAction","target":["https:\/\/aceitesmolisur.es\/en\/shop\/espanol-museo-fabrica-cata\/"]}]},{"@type":"ImageObject","inLanguage":"en-US","@id":"https:\/\/aceitesmolisur.es\/en\/shop\/espanol-museo-fabrica-cata\/#primaryimage","url":"https:\/\/aceitesmolisur.es\/wp-content\/uploads\/2017\/06\/tour_spanish_cover.webp","contentUrl":"https:\/\/aceitesmolisur.es\/wp-content\/uploads\/2017\/06\/tour_spanish_cover.webp","width":2560,"height":1920},{"@type":"BreadcrumbList","@id":"https:\/\/aceitesmolisur.es\/en\/shop\/espanol-museo-fabrica-cata\/#breadcrumb","itemListElement":[{"@type":"ListItem","position":1,"name":"Home","item":"https:\/\/aceitesmolisur.es\/en\/"},{"@type":"ListItem","position":2,"name":"Tienda Online","item":"https:\/\/aceitesmolisur.es\/tienda\/"},{"@type":"ListItem","position":3,"name":"-ESPA\u00d1OL- Museo + F\u00e1brica + Cata"}]},{"@type":"WebSite","@id":"https:\/\/aceitesmolisur.es\/#website","url":"https:\/\/aceitesmolisur.es\/","name":"Aceites Molisur","description":"","publisher":{"@id":"https:\/\/aceitesmolisur.es\/#organization"},"potentialAction":[{"@type":"SearchAction","target":{"@type":"EntryPoint","urlTemplate":"https:\/\/aceitesmolisur.es\/?s={search_term_string}"},"query-input":{"@type":"PropertyValueSpecification","valueRequired":true,"valueName":"search_term_string"}}],"inLanguage":"en-US"},{"@type":"Organization","@id":"https:\/\/aceitesmolisur.es\/#organization","name":"Aceites Molisur","url":"https:\/\/aceitesmolisur.es\/","logo":{"@type":"ImageObject","inLanguage":"en-US","@id":"https:\/\/aceitesmolisur.es\/#\/schema\/logo\/image\/","url":"https:\/\/aceitesmolisur.es\/wp-content\/uploads\/2020\/09\/logo-aceites-molisur-2.png","contentUrl":"https:\/\/aceitesmolisur.es\/wp-content\/uploads\/2020\/09\/logo-aceites-molisur-2.png","width":400,"height":98,"caption":"Aceites Molisur"},"image":{"@id":"https:\/\/aceitesmolisur.es\/#\/schema\/logo\/image\/"}}]}},"_links":{"self":[{"href":"https:\/\/aceitesmolisur.es\/en\/wp-json\/wp\/v2\/product\/20329","targetHints":{"allow":["GET"]}}],"collection":[{"href":"https:\/\/aceitesmolisur.es\/en\/wp-json\/wp\/v2\/product"}],"about":[{"href":"https:\/\/aceitesmolisur.es\/en\/wp-json\/wp\/v2\/types\/product"}],"version-history":[{"count":1,"href":"https:\/\/aceitesmolisur.es\/en\/wp-json\/wp\/v2\/product\/20329\/revisions"}],"predecessor-version":[{"id":20330,"href":"https:\/\/aceitesmolisur.es\/en\/wp-json\/wp\/v2\/product\/20329\/revisions\/20330"}],"wp:featuredmedia":[{"embeddable":true,"href":"https:\/\/aceitesmolisur.es\/en\/wp-json\/wp\/v2\/media\/13079"}],"wp:attachment":[{"href":"https:\/\/aceitesmolisur.es\/en\/wp-json\/wp\/v2\/media?parent=20329"}],"wp:term":[{"taxonomy":"product_brand","embeddable":true,"href":"https:\/\/aceitesmolisur.es\/en\/wp-json\/wp\/v2\/product_brand?post=20329"},{"taxonomy":"product_cat","embeddable":true,"href":"https:\/\/aceitesmolisur.es\/en\/wp-json\/wp\/v2\/product_cat?post=20329"},{"taxonomy":"product_tag","embeddable":true,"href":"https:\/\/aceitesmolisur.es\/en\/wp-json\/wp\/v2\/product_tag?post=20329"},{"taxonomy":"giftcard-category","embeddable":true,"href":"https:\/\/aceitesmolisur.es\/en\/wp-json\/wp\/v2\/giftcard-category?post=20329"}],"curies":[{"name":"wp","href":"https:\/\/api.w.org\/{rel}","templated":true}]}}